{"id":459,"date":"2023-11-30T16:50:24","date_gmt":"2023-11-30T16:50:24","guid":{"rendered":"https:\/\/bewusstes-sein.me\/?page_id=459"},"modified":"2023-11-30T17:19:16","modified_gmt":"2023-11-30T17:19:16","slug":"presse","status":"publish","type":"page","link":"https:\/\/bewusstes-sein.me\/?page_id=459","title":{"rendered":"Presse"},"content":{"rendered":"<div class=\"wp-block-image\">\n<figure class=\"aligncenter size-large\"><img loading=\"lazy\" decoding=\"async\" width=\"982\" height=\"1024\" src=\"https:\/\/bewusstes-sein.me\/wp-content\/uploads\/2023\/11\/SZ_vom_17-08-2022_15-982x1024.jpg\" alt=\"\" class=\"wp-image-466\" srcset=\"https:\/\/bewusstes-sein.me\/wp-content\/uploads\/2023\/11\/SZ_vom_17-08-2022_15-982x1024.jpg 982w, https:\/\/bewusstes-sein.me\/wp-content\/uploads\/2023\/11\/SZ_vom_17-08-2022_15-288x300.jpg 288w, https:\/\/bewusstes-sein.me\/wp-content\/uploads\/2023\/11\/SZ_vom_17-08-2022_15-768x801.jpg 768w, https:\/\/bewusstes-sein.me\/wp-content\/uploads\/2023\/11\/SZ_vom_17-08-2022_15-1472x1536.jpg 1472w, https:\/\/bewusstes-sein.me\/wp-content\/uploads\/2023\/11\/SZ_vom_17-08-2022_15-1963x2048.jpg 1963w\" sizes=\"auto, (max-width: 982px) 100vw, 982px\" \/><figcaption class=\"wp-element-caption\">S\u00e4chsische Zeitung vom 17.08.2022, Regionalausgabe Gro\u00dfenhain &amp; Gro\u00dfenhainer Land, S.15<\/figcaption><\/figure>\n<\/div>\n\n\n<div style=\"height:50px\" aria-hidden=\"true\" class=\"wp-block-spacer\"><\/div>\n\n\n<div class=\"wp-block-image\">\n<figure class=\"aligncenter size-large\"><img loading=\"lazy\" decoding=\"async\" width=\"970\" height=\"1024\" src=\"https:\/\/bewusstes-sein.me\/wp-content\/uploads\/2023\/11\/SZ_vom_04-01-2023_19-970x1024.jpg\" alt=\"\" class=\"wp-image-462\" srcset=\"https:\/\/bewusstes-sein.me\/wp-content\/uploads\/2023\/11\/SZ_vom_04-01-2023_19-970x1024.jpg 970w, https:\/\/bewusstes-sein.me\/wp-content\/uploads\/2023\/11\/SZ_vom_04-01-2023_19-284x300.jpg 284w, https:\/\/bewusstes-sein.me\/wp-content\/uploads\/2023\/11\/SZ_vom_04-01-2023_19-768x811.jpg 768w, https:\/\/bewusstes-sein.me\/wp-content\/uploads\/2023\/11\/SZ_vom_04-01-2023_19-1455x1536.jpg 1455w, https:\/\/bewusstes-sein.me\/wp-content\/uploads\/2023\/11\/SZ_vom_04-01-2023_19-1940x2048.jpg 1940w\" sizes=\"auto, (max-width: 970px) 100vw, 970px\" \/><figcaption class=\"wp-element-caption\">S\u00e4chsische Zeitung vom 04.01.2023, Regionalausgabe Gro\u00dfenhain &amp; Gro\u00dfenhainer Land, S.19<\/figcaption><\/figure>\n<\/div>\n\n\n<p><\/p>\n","protected":false},"excerpt":{"rendered":"","protected":false},"author":2,"featured_media":0,"parent":0,"menu_order":0,"comment_status":"closed","ping_status":"closed","template":"","meta":{"neve_meta_sidebar":"","neve_meta_container":"","neve_meta_enable_content_width":"","neve_meta_content_width":0,"neve_meta_title_alignment":"","neve_meta_author_avatar":"","neve_post_elements_order":"","neve_meta_disable_header":"","neve_meta_disable_footer":"","neve_meta_disable_title":"","footnotes":""},"class_list":["post-459","page","type-page","status-publish","hentry"],"_links":{"self":[{"href":"https:\/\/bewusstes-sein.me\/index.php?rest_route=\/wp\/v2\/pages\/459","targetHints":{"allow":["GET"]}}],"collection":[{"href":"https:\/\/bewusstes-sein.me\/index.php?rest_route=\/wp\/v2\/pages"}],"about":[{"href":"https:\/\/bewusstes-sein.me\/index.php?rest_route=\/wp\/v2\/types\/page"}],"author":[{"embeddable":true,"href":"https:\/\/bewusstes-sein.me\/index.php?rest_route=\/wp\/v2\/users\/2"}],"replies":[{"embeddable":true,"href":"https:\/\/bewusstes-sein.me\/index.php?rest_route=%2Fwp%2Fv2%2Fcomments&post=459"}],"version-history":[{"count":4,"href":"https:\/\/bewusstes-sein.me\/index.php?rest_route=\/wp\/v2\/pages\/459\/revisions"}],"predecessor-version":[{"id":468,"href":"https:\/\/bewusstes-sein.me\/index.php?rest_route=\/wp\/v2\/pages\/459\/revisions\/468"}],"wp:attachment":[{"href":"https:\/\/bewusstes-sein.me\/index.php?rest_route=%2Fwp%2Fv2%2Fmedia&parent=459"}],"curies":[{"name":"wp","href":"https:\/\/api.w.org\/{rel}","templated":true}]}}