{"id":227,"date":"2023-03-04T12:06:52","date_gmt":"2023-03-04T12:06:52","guid":{"rendered":"https:\/\/bewusstes-sein.me\/?page_id=227"},"modified":"2023-11-30T16:11:52","modified_gmt":"2023-11-30T16:11:52","slug":"kontakt","status":"publish","type":"page","link":"https:\/\/bewusstes-sein.me\/?page_id=227","title":{"rendered":"Kontakt"},"content":{"rendered":"\n<p class=\"has-text-align-center\"><strong>Kontakt, Info und Anmeldung:<\/strong><\/p>\n\n\n\n<p class=\"has-text-align-center\">Sabine Henkel &amp; Andres Stra\u00dfberger<br>Alte Hauptstra\u00dfe 23<br>01561 Gro\u00dfenhain, OT Sk\u00e4\u00dfchen<\/p>\n\n\n\n<p class=\"has-text-align-center\"><strong>Phone, WhatsApp, Telegram, Signal:<\/strong><br>0162 7678 905 (Sabine)<br>0172 9154 776 (Andres)<\/p>\n\n\n\n<p class=\"has-text-align-center\"><strong>Email:<\/strong><br>info@bewusstes-sein.me (Andres &amp; Sabine)<\/p>\n\n\n<div class=\"wp-block-image\">\n<figure class=\"aligncenter size-large\"><img loading=\"lazy\" decoding=\"async\" width=\"1024\" height=\"708\" src=\"https:\/\/bewusstes-sein.me\/wp-content\/uploads\/2023\/11\/Sabine-Andres-Paar-1024x708.jpg\" alt=\"\" class=\"wp-image-440\" srcset=\"https:\/\/bewusstes-sein.me\/wp-content\/uploads\/2023\/11\/Sabine-Andres-Paar-1024x708.jpg 1024w, https:\/\/bewusstes-sein.me\/wp-content\/uploads\/2023\/11\/Sabine-Andres-Paar-300x208.jpg 300w, https:\/\/bewusstes-sein.me\/wp-content\/uploads\/2023\/11\/Sabine-Andres-Paar-768x531.jpg 768w, https:\/\/bewusstes-sein.me\/wp-content\/uploads\/2023\/11\/Sabine-Andres-Paar.jpg 1077w\" sizes=\"auto, (max-width: 1024px) 100vw, 1024px\" \/><\/figure>\n<\/div>\n\n\n<div style=\"height:50px\" aria-hidden=\"true\" class=\"wp-block-spacer\"><\/div>\n","protected":false},"excerpt":{"rendered":"<p>Kontakt, Info und Anmeldung: Sabine Henkel &amp; Andres Stra\u00dfbergerAlte Hauptstra\u00dfe 2301561 Gro\u00dfenhain, OT Sk\u00e4\u00dfchen Phone, WhatsApp, Telegram, Signal:0162 7678 905 (Sabine)0172 9154 776 (Andres) Email:info@bewusstes-sein.me (Andres &amp; Sabine)<\/p>\n","protected":false},"author":2,"featured_media":0,"parent":0,"menu_order":0,"comment_status":"closed","ping_status":"closed","template":"","meta":{"neve_meta_sidebar":"","neve_meta_container":"","neve_meta_enable_content_width":"","neve_meta_content_width":0,"neve_meta_title_alignment":"","neve_meta_author_avatar":"","neve_post_elements_order":"","neve_meta_disable_header":"","neve_meta_disable_footer":"","neve_meta_disable_title":"","footnotes":""},"class_list":["post-227","page","type-page","status-publish","hentry"],"_links":{"self":[{"href":"https:\/\/bewusstes-sein.me\/index.php?rest_route=\/wp\/v2\/pages\/227","targetHints":{"allow":["GET"]}}],"collection":[{"href":"https:\/\/bewusstes-sein.me\/index.php?rest_route=\/wp\/v2\/pages"}],"about":[{"href":"https:\/\/bewusstes-sein.me\/index.php?rest_route=\/wp\/v2\/types\/page"}],"author":[{"embeddable":true,"href":"https:\/\/bewusstes-sein.me\/index.php?rest_route=\/wp\/v2\/users\/2"}],"replies":[{"embeddable":true,"href":"https:\/\/bewusstes-sein.me\/index.php?rest_route=%2Fwp%2Fv2%2Fcomments&post=227"}],"version-history":[{"count":5,"href":"https:\/\/bewusstes-sein.me\/index.php?rest_route=\/wp\/v2\/pages\/227\/revisions"}],"predecessor-version":[{"id":442,"href":"https:\/\/bewusstes-sein.me\/index.php?rest_route=\/wp\/v2\/pages\/227\/revisions\/442"}],"wp:attachment":[{"href":"https:\/\/bewusstes-sein.me\/index.php?rest_route=%2Fwp%2Fv2%2Fmedia&parent=227"}],"curies":[{"name":"wp","href":"https:\/\/api.w.org\/{rel}","templated":true}]}}