{"id":193,"date":"2023-02-21T18:22:29","date_gmt":"2023-02-21T18:22:29","guid":{"rendered":"https:\/\/bewusstes-sein.me\/?page_id=193"},"modified":"2023-04-03T10:33:37","modified_gmt":"2023-04-03T10:33:37","slug":"traeume","status":"publish","type":"page","link":"https:\/\/bewusstes-sein.me\/?page_id=193","title":{"rendered":"Tr\u00e4ume"},"content":{"rendered":"\n<p class=\"has-text-align-center\">\u201c<em>Der Traum ist eine kleine, verborgene T\u00fcr im Allerheiligsten der Seele, die in die Urgr\u00fcnde der kosmischen Nacht f\u00fchrt.<\/em>\u201d <br>(C. G. Jung)<\/p>\n\n\n<div class=\"wp-block-image\">\n<figure class=\"aligncenter size-full\"><img loading=\"lazy\" decoding=\"async\" width=\"1024\" height=\"683\" src=\"https:\/\/bewusstes-sein.me\/wp-content\/uploads\/2023\/03\/b_Nachthimmel_1024.jpg\" alt=\"\" class=\"wp-image-263\" srcset=\"https:\/\/bewusstes-sein.me\/wp-content\/uploads\/2023\/03\/b_Nachthimmel_1024.jpg 1024w, https:\/\/bewusstes-sein.me\/wp-content\/uploads\/2023\/03\/b_Nachthimmel_1024-300x200.jpg 300w, https:\/\/bewusstes-sein.me\/wp-content\/uploads\/2023\/03\/b_Nachthimmel_1024-768x512.jpg 768w, https:\/\/bewusstes-sein.me\/wp-content\/uploads\/2023\/03\/b_Nachthimmel_1024-930x620.jpg 930w\" sizes=\"auto, (max-width: 1024px) 100vw, 1024px\" \/><\/figure>\n<\/div>\n\n\n<div style=\"height:40px\" aria-hidden=\"true\" class=\"wp-block-spacer\"><\/div>\n\n\n\n<p>Tr\u00e4ume erm\u00f6glichen uns den Zugang zur Datenbank unseres Ged\u00e4chtnisses, zu unseren fr\u00fchesten, l\u00e4ngst vergessenen Erinnerungen und Erfahrungen \u2013 den verborgenen Aspekten unseres Selbst. Wir gewinnen tiefe Einsichten und Erkenntnisse \u00fcber die Prozesse, die in unserem Unterbewusstsein ablaufen. Tr\u00e4ume wichtig zu nehmen und auf ihre Botschaft zu achten, hilft dabei, klug mit sich selbst und dem Leben umzugehen.<\/p>\n\n\n\n<p>Du kannst dich mit deinem Traum bei mir (Sabine) <a href=\"https:\/\/bewusstes-sein.me\/?page_id=227\" data-type=\"page\" data-id=\"227\">melden<\/a> und ich helfe dir, seine Botschaft zu entschl\u00fcsseln.<\/p>\n","protected":false},"excerpt":{"rendered":"<p>\u201cDer Traum ist eine kleine, verborgene T\u00fcr im Allerheiligsten der Seele, die in die Urgr\u00fcnde der kosmischen Nacht f\u00fchrt.\u201d (C. G. Jung) Tr\u00e4ume erm\u00f6glichen uns den Zugang zur Datenbank unseres Ged\u00e4chtnisses, zu unseren fr\u00fchesten, l\u00e4ngst vergessenen Erinnerungen und Erfahrungen \u2013 den verborgenen Aspekten unseres Selbst. Wir gewinnen tiefe Einsichten und Erkenntnisse \u00fcber die Prozesse, die&hellip;&nbsp;<a href=\"https:\/\/bewusstes-sein.me\/?page_id=193\" rel=\"bookmark\">Weiterlesen &raquo;<span class=\"screen-reader-text\">Tr\u00e4ume<\/span><\/a><\/p>\n","protected":false},"author":1,"featured_media":0,"parent":0,"menu_order":0,"comment_status":"closed","ping_status":"closed","template":"","meta":{"neve_meta_sidebar":"","neve_meta_container":"","neve_meta_enable_content_width":"","neve_meta_content_width":0,"neve_meta_title_alignment":"","neve_meta_author_avatar":"","neve_post_elements_order":"","neve_meta_disable_header":"","neve_meta_disable_footer":"","neve_meta_disable_title":"","footnotes":""},"class_list":["post-193","page","type-page","status-publish","hentry"],"_links":{"self":[{"href":"https:\/\/bewusstes-sein.me\/index.php?rest_route=\/wp\/v2\/pages\/193","targetHints":{"allow":["GET"]}}],"collection":[{"href":"https:\/\/bewusstes-sein.me\/index.php?rest_route=\/wp\/v2\/pages"}],"about":[{"href":"https:\/\/bewusstes-sein.me\/index.php?rest_route=\/wp\/v2\/types\/page"}],"author":[{"embeddable":true,"href":"https:\/\/bewusstes-sein.me\/index.php?rest_route=\/wp\/v2\/users\/1"}],"replies":[{"embeddable":true,"href":"https:\/\/bewusstes-sein.me\/index.php?rest_route=%2Fwp%2Fv2%2Fcomments&post=193"}],"version-history":[{"count":14,"href":"https:\/\/bewusstes-sein.me\/index.php?rest_route=\/wp\/v2\/pages\/193\/revisions"}],"predecessor-version":[{"id":425,"href":"https:\/\/bewusstes-sein.me\/index.php?rest_route=\/wp\/v2\/pages\/193\/revisions\/425"}],"wp:attachment":[{"href":"https:\/\/bewusstes-sein.me\/index.php?rest_route=%2Fwp%2Fv2%2Fmedia&parent=193"}],"curies":[{"name":"wp","href":"https:\/\/api.w.org\/{rel}","templated":true}]}}