{"id":189,"date":"2023-02-21T18:22:01","date_gmt":"2023-02-21T18:22:01","guid":{"rendered":"https:\/\/bewusstes-sein.me\/?page_id=189"},"modified":"2025-11-12T15:32:31","modified_gmt":"2025-11-12T15:32:31","slug":"nikodemus-seminar","status":"publish","type":"page","link":"https:\/\/bewusstes-sein.me\/?page_id=189","title":{"rendered":"Nikodemus-Seminar"},"content":{"rendered":"\n<p class=\"has-text-align-center\">Jesus spricht zu Nikodemus (Evangelium nach Johannes, Kap. 3, Verse 3-5):<br>\u201e<em>Amen, amen, ich sage dir: Wenn jemand nicht von neuem geboren wird, kann er das Reich Gottes nicht sehen. Nikodemus entgegnete ihm: Wie kann ein Mensch, der schon alt ist, geboren werden? Kann er etwa in den Scho\u00df seiner Mutter zur\u00fcckkehren und noch einmal geboren werden? Jesus antwortete: Amen, amen, ich sage dir: Wenn jemand nicht aus dem Wasser und dem Geist geboren wird, kann er nicht in das Reich Gottes kommen.<\/em>\u201c<\/p>\n\n\n<div class=\"wp-block-image\">\n<figure class=\"aligncenter size-full\"><img loading=\"lazy\" decoding=\"async\" width=\"1024\" height=\"698\" src=\"https:\/\/bewusstes-sein.me\/wp-content\/uploads\/2023\/03\/b_Wueste_1024.jpg\" alt=\"\" class=\"wp-image-257\" srcset=\"https:\/\/bewusstes-sein.me\/wp-content\/uploads\/2023\/03\/b_Wueste_1024.jpg 1024w, https:\/\/bewusstes-sein.me\/wp-content\/uploads\/2023\/03\/b_Wueste_1024-300x204.jpg 300w, https:\/\/bewusstes-sein.me\/wp-content\/uploads\/2023\/03\/b_Wueste_1024-768x524.jpg 768w\" sizes=\"auto, (max-width: 1024px) 100vw, 1024px\" \/><\/figure>\n<\/div>\n\n\n<div style=\"height:40px\" aria-hidden=\"true\" class=\"wp-block-spacer\"><\/div>\n\n\n\n<p>Dein Leben beginnt nicht erst mit deiner Geburt, sondern bereits mit deiner Zeugung. Schon in den ersten neun Monaten deines Lebens machst du Erfahrungen, die f\u00fcr dein weiteres Leben pr\u00e4gend werden. Die Auswirkungen k\u00f6nnen vielf\u00e4ltig sein. Wenn du z.B. das Gef\u00fchl hast, anders als die anderen und nicht richtig oder nicht am richtigen Platz zu sein, nicht in dein Leben oder in deine Kraft zu finden oder du das Gef\u00fchl hast, dass das Leben an dir vorbeizieht und der Sinn deines Daseins dir br\u00fcchig erscheint, kann ein Blick auf den ersten Lebensabschnitt lohnen.<\/p>\n\n\n\n<p>Im Nikodemus-Seminar begibst du dich auf eine Reise zur\u00fcck zum Anfang deines Lebens. Du gewinnst durch gef\u00fchrte Meditationen, verschiedene Atemtechniken (u.a. verbundenes Atmen) und systemische Aufstellungsarbeit Zugang zu deinen fr\u00fchesten Erinnerungen. Themen, die sich dabei zeigen, k\u00f6nnen angeschaut und eine neue Perspektive darauf gewonnen werden. Dadurch kann es m\u00f6glich werden, ganz \u201eJA\u201c zu dir und deinem Leben zu sagen. Denn alles, was du f\u00fcr dein wahres Leben brauchst, ist bereits in dir. Es wartet darauf, dass du dich damit verbindest.<\/p>\n\n\n\n<div class=\"wp-block-media-text is-stacked-on-mobile\" style=\"grid-template-columns:30% auto\"><figure class=\"wp-block-media-text__media\"><img loading=\"lazy\" decoding=\"async\" width=\"902\" height=\"1024\" src=\"https:\/\/bewusstes-sein.me\/wp-content\/uploads\/2023\/03\/b_Taube_1024-902x1024.jpg\" alt=\"\" class=\"wp-image-259 size-full\" srcset=\"https:\/\/bewusstes-sein.me\/wp-content\/uploads\/2023\/03\/b_Taube_1024-902x1024.jpg 902w, https:\/\/bewusstes-sein.me\/wp-content\/uploads\/2023\/03\/b_Taube_1024-264x300.jpg 264w, https:\/\/bewusstes-sein.me\/wp-content\/uploads\/2023\/03\/b_Taube_1024-768x872.jpg 768w, https:\/\/bewusstes-sein.me\/wp-content\/uploads\/2023\/03\/b_Taube_1024.jpg 1024w\" sizes=\"auto, (max-width: 902px) 100vw, 902px\" \/><\/figure><div class=\"wp-block-media-text__content\">\n<p>Sabine \u00fcber ihre eigenen Erfahrungen im Nikodemus-Seminar: &#8222;Es hat mein Leben vom Kopf auf die F\u00fc\u00dfe gestellt.&#8220;<\/p>\n\n\n\n<p>Andres sagt \u00fcber seine Seminarteilnahme: &#8222;Ich habe dabei Erkenntnisse gewonnen und Erfahrungen gemacht, die mein Leben ver\u00e4ndert haben. Durch das Seminar habe ich endlich verstanden, wer ich wirklich bin. Dadurch habe ich die Kraft gefunden, die Ver\u00e4nderung in mein Leben zu bringen, die ich mir schon so lange gew\u00fcnscht habe. Es war f\u00fcr mich r\u00fcckblickend eine der wichtigsten spirituellen Erfahrungen meines Lebens.&#8220;<\/p>\n<\/div><\/div>\n\n\n\n<div style=\"height:40px\" aria-hidden=\"true\" class=\"wp-block-spacer\"><\/div>\n\n\n\n<p>Wir freuen uns darauf, dich in kleiner Runde (mind. vier, max. acht Teilnehmer:innen) begr\u00fc\u00dfen und in famili\u00e4rer Atmosph\u00e4re auf deiner Erfahrungsreise begleiten zu k\u00f6nnen.<\/p>\n\n\n\n<p>Zeit:<br>jeweils Freitag 14 Uhr \u2013 Samstag gegen 20 Uhr<\/p>\n\n\n\n<p>Mitzubringen sind:<br>Schreibzeug, bequeme Kleidung, warme Socken, Bettbezug, Geburtstagskerze<\/p>\n\n\n\n<p>Unkostenbeitrag:<br>170 \u20ac (inkl. Verpflegung) zzgl. \u00dcbernachtung (wir sind bei der Quartiersuche behilflich)<\/p>\n\n\n\n<p>N\u00e4chste Termine:<br>    Termine auf Anfrage<\/p>\n\n\n<div class=\"wp-block-image\">\n<figure class=\"aligncenter size-full\"><img loading=\"lazy\" decoding=\"async\" width=\"1024\" height=\"662\" src=\"https:\/\/bewusstes-sein.me\/wp-content\/uploads\/2023\/03\/b_OffeneArme_1024.jpg\" alt=\"\" class=\"wp-image-271\" srcset=\"https:\/\/bewusstes-sein.me\/wp-content\/uploads\/2023\/03\/b_OffeneArme_1024.jpg 1024w, https:\/\/bewusstes-sein.me\/wp-content\/uploads\/2023\/03\/b_OffeneArme_1024-300x194.jpg 300w, https:\/\/bewusstes-sein.me\/wp-content\/uploads\/2023\/03\/b_OffeneArme_1024-768x497.jpg 768w\" sizes=\"auto, (max-width: 1024px) 100vw, 1024px\" \/><\/figure>\n<\/div>\n\n\n<div style=\"height:40px\" aria-hidden=\"true\" class=\"wp-block-spacer\"><\/div>\n","protected":false},"excerpt":{"rendered":"<p>Jesus spricht zu Nikodemus (Evangelium nach Johannes, Kap. 3, Verse 3-5):\u201eAmen, amen, ich sage dir: Wenn jemand nicht von neuem geboren wird, kann er das Reich Gottes nicht sehen. Nikodemus entgegnete ihm: Wie kann ein Mensch, der schon alt ist, geboren werden? Kann er etwa in den Scho\u00df seiner Mutter zur\u00fcckkehren und noch einmal geboren&hellip;&nbsp;<a href=\"https:\/\/bewusstes-sein.me\/?page_id=189\" rel=\"bookmark\">Weiterlesen &raquo;<span class=\"screen-reader-text\">Nikodemus-Seminar<\/span><\/a><\/p>\n","protected":false},"author":1,"featured_media":0,"parent":0,"menu_order":0,"comment_status":"closed","ping_status":"closed","template":"","meta":{"neve_meta_sidebar":"","neve_meta_container":"","neve_meta_enable_content_width":"","neve_meta_content_width":0,"neve_meta_title_alignment":"","neve_meta_author_avatar":"","neve_post_elements_order":"","neve_meta_disable_header":"","neve_meta_disable_footer":"","neve_meta_disable_title":"","footnotes":""},"class_list":["post-189","page","type-page","status-publish","hentry"],"_links":{"self":[{"href":"https:\/\/bewusstes-sein.me\/index.php?rest_route=\/wp\/v2\/pages\/189","targetHints":{"allow":["GET"]}}],"collection":[{"href":"https:\/\/bewusstes-sein.me\/index.php?rest_route=\/wp\/v2\/pages"}],"about":[{"href":"https:\/\/bewusstes-sein.me\/index.php?rest_route=\/wp\/v2\/types\/page"}],"author":[{"embeddable":true,"href":"https:\/\/bewusstes-sein.me\/index.php?rest_route=\/wp\/v2\/users\/1"}],"replies":[{"embeddable":true,"href":"https:\/\/bewusstes-sein.me\/index.php?rest_route=%2Fwp%2Fv2%2Fcomments&post=189"}],"version-history":[{"count":16,"href":"https:\/\/bewusstes-sein.me\/index.php?rest_route=\/wp\/v2\/pages\/189\/revisions"}],"predecessor-version":[{"id":518,"href":"https:\/\/bewusstes-sein.me\/index.php?rest_route=\/wp\/v2\/pages\/189\/revisions\/518"}],"wp:attachment":[{"href":"https:\/\/bewusstes-sein.me\/index.php?rest_route=%2Fwp%2Fv2%2Fmedia&parent=189"}],"curies":[{"name":"wp","href":"https:\/\/api.w.org\/{rel}","templated":true}]}}